{"id":940,"date":"2022-02-14T15:07:57","date_gmt":"2022-02-14T14:07:57","guid":{"rendered":"https:\/\/www.programmepause.fr\/?page_id=940"},"modified":"2025-02-06T10:24:36","modified_gmt":"2025-02-06T09:24:36","slug":"pause-etablissements-partenaires","status":"publish","type":"page","link":"https:\/\/www.programmepause.fr\/en\/pause-etablissements-partenaires\/","title":{"rendered":"PAUSE - R\u00e9seau \u00e9tablissements"},"content":{"rendered":"<p>[et_pb_section fb_built=&#8221;1&#8243; _builder_version=&#8221;4.23.4&#8243; _module_preset=&#8221;default&#8221; background_color=&#8221;RGBA(255,255,255,0)&#8221; custom_padding=&#8221;0px||0px|||&#8221; da_disable_devices=&#8221;off|off|off&#8221; global_colors_info=&#8221;{}&#8221; da_is_popup=&#8221;off&#8221; da_exit_intent=&#8221;off&#8221; da_has_close=&#8221;on&#8221; da_alt_close=&#8221;off&#8221; da_dark_close=&#8221;off&#8221; da_not_modal=&#8221;on&#8221; da_is_singular=&#8221;off&#8221; da_with_loader=&#8221;off&#8221; da_has_shadow=&#8221;on&#8221;][et_pb_row column_structure=&#8221;1_2,1_2&#8243; make_equal=&#8221;on&#8221; _builder_version=&#8221;4.16&#8243; _module_preset=&#8221;default&#8221; background_color=&#8221;#d20032&#8243; width=&#8221;100%&#8221; max_width=&#8221;2560px&#8221; max_width_tablet=&#8221;2560px&#8221; max_width_phone=&#8221;2560px&#8221; max_width_last_edited=&#8221;on|desktop&#8221; custom_padding=&#8221;0px||0px|||&#8221; global_colors_info=&#8221;{}&#8221; max_width__hover_enabled=&#8221;on|desktop&#8221; max_width__hover=&#8221;2560px&#8221;][et_pb_column type=&#8221;1_2&#8243; _builder_version=&#8221;4.16&#8243; _module_preset=&#8221;default&#8221; global_colors_info=&#8221;{}&#8221;][et_pb_text _builder_version=&#8221;4.23.4&#8243; _module_preset=&#8221;default&#8221; text_font=&#8221;Titres Pause|900|||||||&#8221; text_text_color=&#8221;#FFFFFF&#8221; text_font_size=&#8221;56px&#8221; text_letter_spacing=&#8221;2px&#8221; text_line_height=&#8221;1em&#8221; transform_rotate=&#8221;0deg|0deg|-10deg&#8221; text_orientation=&#8221;center&#8221; custom_margin=&#8221;9%||9%||false|false&#8221; custom_margin_tablet=&#8221;9%||9%||false|false&#8221; custom_margin_phone=&#8221;20%||9%||false|false&#8221; custom_margin_last_edited=&#8221;on|phone&#8221; animation_style=&#8221;flip&#8221; text_font_size_tablet=&#8221;56px&#8221; text_font_size_phone=&#8221;35px&#8221; text_font_size_last_edited=&#8221;on|phone&#8221; content_en_us=&#8221;Our network<br \/>\nof host institutions<br \/>\nin France&#8221; locked=&#8221;off&#8221; global_colors_info=&#8221;{}&#8221;]<\/p>\n<p>Notre r\u00e9seau<br \/>d&#8217;\u00e9tablissements<br \/>d&#8217;accueil<br \/>en France<\/p>\n<p>[\/et_pb_text][\/et_pb_column][et_pb_column type=&#8221;1_2&#8243; _builder_version=&#8221;4.16&#8243; _module_preset=&#8221;default&#8221; background_enable_color=&#8221;off&#8221; custom_padding=&#8221;|3%||3%|false|false&#8221; global_colors_info=&#8221;{}&#8221;][et_pb_text _builder_version=&#8221;4.23.4&#8243; _module_preset=&#8221;default&#8221; text_text_color=&#8221;#FFFFFF&#8221; text_font_size=&#8221;15px&#8221; width=&#8221;60%&#8221; max_width=&#8221;100%&#8221; module_alignment=&#8221;center&#8221; custom_margin=&#8221;10%|10%|5%|10%|false|false&#8221; hover_enabled=&#8221;0&#8243; content_en_us=&#8221;<\/p>\n<p style=%22text-align: center;%22>We rely on support from a network of 100 French institutions nationwide which host scientists and artists in exile.<\/p>\n<p>\u00a0<\/p>\n<p style=%22text-align: center;%22><strong><br \/>Are you a higher education, research or cultural institution willing to host an at-risk scientist or artist?<\/strong><\/p>\n<p>&#8221; global_colors_info=&#8221;{}&#8221; sticky_enabled=&#8221;0&#8243;]<\/p>\n<p style=\"text-align: center;\">Nous collaborons avec un r\u00e9seau de plus de 140 \u00e9tablissements dans toute la France pour accueillir les chercheurs et scientifiques et les artistes en exil.<\/p>\n<p>&nbsp;<\/p>\n<p style=\"text-align: center;\"><strong>Vous \u00eates un \u00e9tablissement d\u2019enseignement sup\u00e9rieur et\/ou de recherche ou une institution culturelle et vous souhaitez accueillir un\u00b7e scientifique ou un\u00b7e artiste en danger ?<\/strong><\/p>\n<p>[\/et_pb_text][et_pb_button button_url=&#8221;@ET-DC@eyJkeW5hbWljIjp0cnVlLCJjb250ZW50IjoicG9zdF9saW5rX3VybF9wYWdlIiwic2V0dGluZ3MiOnsicG9zdF9pZCI6IjczIn19@&#8221; button_text=&#8221;Consultez les modalit\u00e9s d\u2019accueil du programme&#8221; button_alignment=&#8221;center&#8221; _builder_version=&#8221;4.16&#8243; _dynamic_attributes=&#8221;button_url&#8221; _module_preset=&#8221;default&#8221; button_text_en_us=&#8221;See our page \u201cHow to host a scientist or artist in exile?\u201d&#8221; global_colors_info=&#8221;{}&#8221;][\/et_pb_button][et_pb_text _builder_version=&#8221;4.16&#8243; _module_preset=&#8221;default&#8221; text_text_color=&#8221;#FFFFFF&#8221; text_font_size=&#8221;15px&#8221; text_orientation=&#8221;center&#8221; custom_margin=&#8221;10px|10%|10px|10%|false|false&#8221; content_en_us=&#8221;or&#8221; global_colors_info=&#8221;{}&#8221;]<\/p>\n<p>ou<\/p>\n<p>[\/et_pb_text][et_pb_button button_url=&#8221;@ET-DC@eyJkeW5hbWljIjp0cnVlLCJjb250ZW50IjoicG9zdF9saW5rX3VybF9wYWdlIiwic2V0dGluZ3MiOnsicG9zdF9pZCI6IjgwOSJ9fQ==@&#8221; button_text=&#8221;Contactez-nous&#8221; button_alignment=&#8221;center&#8221; _builder_version=&#8221;4.16&#8243; _dynamic_attributes=&#8221;button_url&#8221; _module_preset=&#8221;default&#8221; custom_margin=&#8221;10px||10%||false|false&#8221; button_text_en_us=&#8221;Contact us&#8221; global_colors_info=&#8221;{}&#8221;][\/et_pb_button][\/et_pb_column][\/et_pb_row][et_pb_row column_structure=&#8221;1_2,1_2&#8243; _builder_version=&#8221;4.23.4&#8243; _module_preset=&#8221;default&#8221; custom_margin=&#8221;||0px||false|false&#8221; custom_padding=&#8221;100px||0px||false|false&#8221; global_colors_info=&#8221;{}&#8221;][et_pb_column type=&#8221;1_2&#8243; _builder_version=&#8221;4.23.4&#8243; _module_preset=&#8221;default&#8221; global_colors_info=&#8221;{}&#8221;][et_pb_text _builder_version=&#8221;4.23.4&#8243; _module_preset=&#8221;default&#8221; text_font=&#8221;Value Serif Pro|800|||||||&#8221; text_text_color=&#8221;#d20032&#8243; text_font_size=&#8221;34px&#8221; text_orientation=&#8221;center&#8221; content_en_us=&#8221;<\/p>\n<p>Partner institutions<\/p>\n<p>&#8221; global_colors_info=&#8221;{}&#8221;]<\/p>\n<p>Les \u00e9tablissements partenaires<\/p>\n<p>[\/et_pb_text][et_pb_image src=&#8221;https:\/\/www.programmepause.fr\/wp-content\/uploads\/2024\/01\/Capture-decran-2024-01-04-a-16.08.20.png&#8221; title_text=&#8221;Capture d\u2019e\u0301cran 2024-01-04 a\u0300 16.08.20&#8243; align=&#8221;center&#8221; _builder_version=&#8221;4.23.4&#8243; _module_preset=&#8221;default&#8221; width=&#8221;100%&#8221; max_width=&#8221;80px&#8221; custom_margin=&#8221;20px||20px||false|false&#8221; global_colors_info=&#8221;{}&#8221;][\/et_pb_image][et_pb_text _builder_version=&#8221;4.23.4&#8243; _module_preset=&#8221;default&#8221; text_font=&#8221;|800|||||||&#8221; text_text_color=&#8221;#d20032&#8243; text_font_size=&#8221;54px&#8221; text_orientation=&#8221;center&#8221; hover_enabled=&#8221;0&#8243; global_colors_info=&#8221;{}&#8221; sticky_enabled=&#8221;0&#8243;]<\/p>\n<p>142<\/p>\n<p>[\/et_pb_text][et_pb_text _builder_version=&#8221;4.23.4&#8243; _module_preset=&#8221;default&#8221; text_text_color=&#8221;#142da5&#8243; text_font_size=&#8221;20px&#8221; text_orientation=&#8221;center&#8221; custom_margin=&#8221;20px||20px||false|false&#8221; content_en_us=&#8221;partner institutions&#8221; global_colors_info=&#8221;{}&#8221;]<\/p>\n<p>\u00e9tabllissements partenaires<\/p>\n<p>[\/et_pb_text][et_pb_text _builder_version=&#8221;4.23.4&#8243; _module_preset=&#8221;default&#8221; text_text_color=&#8221;#142da5&#8243; text_font_size=&#8221;15px&#8221; custom_margin=&#8221;||-100px||false|false&#8221; custom_padding=&#8221;||0px||false|false&#8221; content_en_us=&#8221;<\/p>\n<ul>\n<li style=%22list-style-type: none;%22>\n<ul>\n<li style=%22list-style-type: none;%22>\n<ul>\n<li style=%22list-style-type: none;%22>\n<ul>\n<li style=%22list-style-type: none;%22>\n<ul>\n<li style=%22list-style-type: none;%22>\n<ul>\n<li style=%22list-style-type: none;%22>\n<ul>\n<li style=%22list-style-type: none;%22>\n<ul>\n<li style=%22list-style-type: none;%22>\n<ul>\n<li style=%22list-style-type: none;%22>\n<ul>\n<li style=%22list-style-type: none;%22>\n<ul>\n<li style=%22list-style-type: none;%22>\n<ul>\n<li style=%22list-style-type: none;%22>\n<ul>\n<li><span><strong>16 establishments<\/strong> hosting <strong>more than 10 laureates<\/strong><\/span><\/li>\n<li><span><strong>33%<\/strong> of laureates hosted <strong>in Ile-de-France <\/strong><\/span><\/li>\n<li><span><strong>67%<\/strong> of laureates hosted <strong>in other regions in France<\/strong><\/span><\/li>\n<\/ul>\n<\/li>\n<\/ul>\n<\/li>\n<\/ul>\n<\/li>\n<\/ul>\n<\/li>\n<\/ul>\n<\/li>\n<\/ul>\n<\/li>\n<\/ul>\n<\/li>\n<\/ul>\n<\/li>\n<\/ul>\n<\/li>\n<\/ul>\n<\/li>\n<\/ul>\n<\/li>\n<\/ul>\n<\/li>\n<\/ul>\n<p>&#8221; global_colors_info=&#8221;{}&#8221;]<\/p>\n<ul>\n<li style=\"list-style-type: none;\">\n<ul>\n<li style=\"list-style-type: none;\">\n<ul>\n<li style=\"list-style-type: none;\">\n<ul>\n<li style=\"list-style-type: none;\">\n<ul>\n<li style=\"list-style-type: none;\">\n<ul>\n<li style=\"list-style-type: none;\">\n<ul>\n<li style=\"list-style-type: none;\">\n<ul>\n<li style=\"list-style-type: none;\">\n<ul>\n<li style=\"list-style-type: none;\">\n<ul>\n<li style=\"list-style-type: none;\">\n<ul>\n<li style=\"list-style-type: none;\">\n<ul>\n<li style=\"list-style-type: none;\">\n<ul>\n<li><strong>16 \u00e9tablissements<\/strong> accueillant <strong>plus de 10 laur\u00e9ats<\/strong><\/li>\n<li><strong>33%<\/strong> de laur\u00e9ats accueillis <strong>en Ile-de-France<\/strong><\/li>\n<li><strong>67%<\/strong> des laur\u00e9ats accueillis <strong>dans d&#8217;autres r\u00e9gions en France<\/strong><\/li>\n<\/ul>\n<\/li>\n<\/ul>\n<\/li>\n<\/ul>\n<\/li>\n<\/ul>\n<\/li>\n<\/ul>\n<\/li>\n<\/ul>\n<\/li>\n<\/ul>\n<\/li>\n<\/ul>\n<\/li>\n<\/ul>\n<\/li>\n<\/ul>\n<\/li>\n<\/ul>\n<\/li>\n<\/ul>\n<\/li>\n<\/ul>\n<p>[\/et_pb_text][\/et_pb_column][et_pb_column type=&#8221;1_2&#8243; _builder_version=&#8221;4.23.4&#8243; _module_preset=&#8221;default&#8221; global_colors_info=&#8221;{}&#8221;][et_pb_image src=&#8221;https:\/\/www.programmepause.fr\/wp-content\/uploads\/2025\/02\/Capture-decran-2025-02-06-102139.png&#8221; title_text=&#8221;Capture d&#8217;\u00e9cran 2025-02-06 102139&#8243; align=&#8221;center&#8221; _builder_version=&#8221;4.23.4&#8243; _module_preset=&#8221;default&#8221; width=&#8221;67%&#8221; custom_margin=&#8221;-50px||||false|false&#8221; hover_enabled=&#8221;0&#8243; global_colors_info=&#8221;{}&#8221; sticky_enabled=&#8221;0&#8243;][\/et_pb_image][\/et_pb_column][\/et_pb_row][\/et_pb_section]<\/p>\n","protected":false},"excerpt":{"rendered":"<p>Notre r\u00e9seaud&#8217;\u00e9tablissementsd&#8217;accueilen FranceNous collaborons avec un r\u00e9seau de plus de 140 \u00e9tablissements dans toute la France pour accueillir les chercheurs et scientifiques et les artistes en exil. &nbsp; Vous \u00eates un \u00e9tablissement d\u2019enseignement sup\u00e9rieur et\/ou de recherche ou une institution culturelle et vous souhaitez accueillir un\u00b7e scientifique ou un\u00b7e artiste en danger ?ouLes \u00e9tablissements partenaires142\u00e9tabllissements [&hellip;]<\/p>\n","protected":false},"author":2,"featured_media":0,"parent":0,"menu_order":0,"comment_status":"closed","ping_status":"closed","template":"","meta":{"_et_pb_use_builder":"on","_et_pb_old_content":"","_et_gb_content_width":"","footnotes":"","_links_to":"","_links_to_target":""},"categories":[],"tags":[],"class_list":["post-940","page","type-page","status-publish","hentry"],"_links":{"self":[{"href":"https:\/\/www.programmepause.fr\/en\/wp-json\/wp\/v2\/pages\/940","targetHints":{"allow":["GET"]}}],"collection":[{"href":"https:\/\/www.programmepause.fr\/en\/wp-json\/wp\/v2\/pages"}],"about":[{"href":"https:\/\/www.programmepause.fr\/en\/wp-json\/wp\/v2\/types\/page"}],"author":[{"embeddable":true,"href":"https:\/\/www.programmepause.fr\/en\/wp-json\/wp\/v2\/users\/2"}],"replies":[{"embeddable":true,"href":"https:\/\/www.programmepause.fr\/en\/wp-json\/wp\/v2\/comments?post=940"}],"version-history":[{"count":29,"href":"https:\/\/www.programmepause.fr\/en\/wp-json\/wp\/v2\/pages\/940\/revisions"}],"predecessor-version":[{"id":8917,"href":"https:\/\/www.programmepause.fr\/en\/wp-json\/wp\/v2\/pages\/940\/revisions\/8917"}],"wp:attachment":[{"href":"https:\/\/www.programmepause.fr\/en\/wp-json\/wp\/v2\/media?parent=940"}],"wp:term":[{"taxonomy":"category","embeddable":true,"href":"https:\/\/www.programmepause.fr\/en\/wp-json\/wp\/v2\/categories?post=940"},{"taxonomy":"post_tag","embeddable":true,"href":"https:\/\/www.programmepause.fr\/en\/wp-json\/wp\/v2\/tags?post=940"}],"curies":[{"name":"wp","href":"https:\/\/api.w.org\/{rel}","templated":true}]}}