{"id":755,"date":"2022-02-13T15:13:45","date_gmt":"2022-02-13T14:13:45","guid":{"rendered":"https:\/\/www.programmepause.fr\/?page_id=755"},"modified":"2025-02-24T11:08:10","modified_gmt":"2025-02-24T10:08:10","slug":"cand-documents-utiles","status":"publish","type":"page","link":"https:\/\/www.programmepause.fr\/en\/cand-documents-utiles\/","title":{"rendered":"Candidats - Documents utiles"},"content":{"rendered":"<p>[et_pb_section fb_built=&#8221;1&#8243; _builder_version=&#8221;4.20.2&#8243; _module_preset=&#8221;default&#8221; background_color=&#8221;RGBA(255,255,255,0)&#8221; custom_padding=&#8221;0px||0px|||&#8221; da_disable_devices=&#8221;off|off|off&#8221; global_colors_info=&#8221;{}&#8221; da_is_popup=&#8221;off&#8221; da_exit_intent=&#8221;off&#8221; da_has_close=&#8221;on&#8221; da_alt_close=&#8221;off&#8221; da_dark_close=&#8221;off&#8221; da_not_modal=&#8221;on&#8221; da_is_singular=&#8221;off&#8221; da_with_loader=&#8221;off&#8221; da_has_shadow=&#8221;on&#8221;][et_pb_row column_structure=&#8221;2_5,3_5&#8243; make_equal=&#8221;on&#8221; _builder_version=&#8221;4.16&#8243; _module_preset=&#8221;default&#8221; background_enable_image=&#8221;off&#8221; width=&#8221;100%&#8221; max_width=&#8221;2560px&#8221; max_width_tablet=&#8221;2560px&#8221; max_width_phone=&#8221;2560px&#8221; max_width_last_edited=&#8221;on|desktop&#8221; module_alignment=&#8221;center&#8221; custom_padding=&#8221;0px||0px||false|false&#8221; global_colors_info=&#8221;{}&#8221; max_width__hover_enabled=&#8221;on|desktop&#8221; max_width__hover=&#8221;2560px&#8221;][et_pb_column type=&#8221;2_5&#8243; _builder_version=&#8221;4.16&#8243; _module_preset=&#8221;default&#8221; background_image=&#8221;https:\/\/www.programmepause.fr\/wp-content\/uploads\/2022\/02\/Fond-Accueillir004.jpg&#8221; custom_padding=&#8221;0px||0px||false|false&#8221; global_colors_info=&#8221;{}&#8221;][dsm_menu menu_id=&#8221;21&#8243; menu_link_text_color=&#8221;#FFFFFF&#8221; menu_space_between=&#8221;6px&#8221; list_style_type=&#8221;none&#8221; _builder_version=&#8221;4.23.4&#8243; _module_preset=&#8221;default&#8221; header_font=&#8221;|||on|||||&#8221; header_text_align=&#8221;left&#8221; menu_font=&#8221;|600||on|||||&#8221; menu_font_size=&#8221;16px&#8221; text_orientation=&#8221;right&#8221; module_alignment=&#8221;center&#8221; custom_margin=&#8221;50px||||false|false&#8221; global_module=&#8221;747&#8243; saved_tabs=&#8221;all&#8221; global_colors_info=&#8221;{}&#8221;][\/dsm_menu][\/et_pb_column][et_pb_column type=&#8221;3_5&#8243; _builder_version=&#8221;4.16&#8243; _module_preset=&#8221;default&#8221; custom_padding=&#8221;40px|5%|40px|5%|false|false&#8221; global_colors_info=&#8221;{}&#8221;][et_pb_text _builder_version=&#8221;4.16&#8243; _module_preset=&#8221;default&#8221; custom_margin=&#8221;30px||-3px||false|false&#8221; content_en_us=&#8221;<\/p>\n<h1>Useful documents<\/h1>\n<p>&#8221; global_colors_info=&#8221;{}&#8221;]<\/p>\n<h1 id=\"title\">Documents utiles<\/h1>\n<p>[\/et_pb_text][et_pb_text _builder_version=&#8221;4.23.4&#8243; _module_preset=&#8221;default&#8221; hover_enabled=&#8221;0&#8243; content_en_us=&#8221;<\/p>\n<p><span><strong>You are a scientist or an artist and wish to be hosted by an institution in France?<\/strong> Find below all the useful documents to facilitate your procedures.<\/span><\/p>\n<h4><\/h4>\n<h4>Application for help with finding a host institution (for scientists)<\/h4>\n<ul>\n<li class=%22%22><span class=%22text%22><span class=%22title%22><a href=%22https:\/\/plateforme-pause.college-de-france.fr\/%22 data-et-target-link=%22_blank%22 rel=%22noopener%22>Application platform for researchers seeking an institution<\/a><br \/><\/span><\/span><\/li>\n<li class=%22docx%22><a href=%22https:\/\/www.programmepause.fr\/download\/2657\/%22 data-et-target-link=%22_blank%22 rel=%22noopener%22><span class=%22icon%22><\/span><span class=%22text%22><span class=%22title%22>Application form in French<\/span><\/span><\/a><\/li>\n<li class=%22docx%22><a href=%22https:\/\/www.programmepause.fr\/download\/2659\/%22 data-et-target-link=%22_blank%22 rel=%22noopener%22><span class=%22icon%22><\/span><span class=%22text%22><span class=%22title%22>Application form in English<\/span><\/span><\/a><\/li>\n<li class=%22docx%22><a href=%22https:\/\/www.programmepause.fr\/download\/2594\/%22 data-et-target-link=%22_blank%22 rel=%22noopener%22><span class=%22icon%22><\/span><span class=%22text%22><span class=%22title%22>Sworn statement<\/span><\/span><\/a><\/li>\n<\/ul>\n<h4>Application for help with finding a host institution (for artists)<\/h4>\n<p>The Atelier des artistes en exil, partner of the PAUSE program, can accompany you in your project in France. You can contact them at <a href=%22mailto:contact@aa-e.org%22>contact@aa-e.org<\/a>.<\/p>\n<h4><\/h4>\n<h4>Calls for applications for the PAUSE program: documents to be completed<\/h4>\n<ul>\n<li><a href=%22https:\/\/www.programmepause.fr\/download\/2594\/%22 data-et-target-link=%22_blank%22 rel=%22noopener%22>Sworn statement<\/a> (to be sent to the host institution for a first application or a renewal application)<\/li>\n<li><a href=%22https:\/\/www.programmepause.fr\/download\/2624\/%22 data-et-target-link=%22_blank%22 rel=%22noopener%22>Hosting review form<\/a> (to be completed <a href=%22https:\/\/plateforme-pause.college-de-france.fr\/%22 data-et-target-link=%22_blank%22 rel=%22noopener%22>online<\/a><span> <\/span>by the laureates)<\/li>\n<\/ul>\n<p style=%22text-align: justify;%22>The <a href=%22https:\/\/www.programmepause.fr\/download\/6443\/%20%22>Welcome Handbook<\/a><span> for scientists <\/span>lists all the documents required to respond to a call for applications.<\/p>\n<p>&#8221; global_colors_info=&#8221;{}&#8221; text_text_color=&#8221;#142da5&#8243; sticky_enabled=&#8221;0&#8243;]<\/p>\n<p><strong>Vous \u00eates un\u00b7e scientifique ou artiste et souhaitez \u00eatre accueilli\u00b7e par un \u00e9tablissement en France ? <\/strong>Retrouvez ci-dessous tous les documents utiles pour faciliter vos d\u00e9marches.<\/p>\n<p>&nbsp;<\/p>\n<h4>Demande d&#8217;accompagnement \u00e0 la recherche d&#8217;un \u00e9tablissement d&#8217;accueil pour les scientifiques<\/h4>\n<ul>\n<li><a href=\"https:\/\/plateforme-pause.college-de-france.fr\/\" target=\"_blank\" rel=\"noopener\"><span>Plateforme de d\u00e9p\u00f4t de la demande d\u2019accompagnement<\/span><\/a><\/li>\n<li><span>Formulaire de candidature en\u00a0<a href=\"https:\/\/www.programmepause.fr\/download\/2657\/\" target=\"_blank\" rel=\"noopener\">fran\u00e7ais<\/a>\u00a0ou en<a href=\"https:\/\/www.programmepause.fr\/download\/2659\/\" target=\"_blank\" rel=\"noopener\" title=\"anglais\">\u00a0anglais<\/a><\/span><\/li>\n<li><a href=\"https:\/\/www.programmepause.fr\/download\/2594\/\" target=\"_blank\" rel=\"noopener\">Attestation sur l\u2019honneur<\/a><\/li>\n<\/ul>\n<h4>Demande d&#8217;accompagnement \u00e0 la recherche d&#8217;un \u00e9tablissement d&#8217;accueil pour les artistes :<\/h4>\n<p><b><span><\/span><\/b><a href=\"https:\/\/aa-e.org\/fr\/category\/atelier\/\" target=\"_blank\" rel=\"noopener\">L\u2019Atelier des artistes en exil<\/a>, partenaire du programme PAUSE, peut vous accompagner dans votre projet en France. Vous pouvez les contacter \u00e0 l\u2019adresse\u00a0<a href=\"mailto:contact@aa-e.org\" target=\"_blank\" rel=\"noopener\">contact@aa-e.org<\/a>.<\/p>\n<p>&nbsp;<\/p>\n<h4 style=\"text-align: justify;\">Appels \u00e0 candidatures du programme PAUSE : documents \u00e0 compl\u00e9ter<\/h4>\n<ul>\n<li><span><a href=\"https:\/\/www.programmepause.fr\/download\/2594\/\" target=\"_blank\" rel=\"noopener\">Attestation sur l\u2019honneur<\/a>\u00a0(\u00e0 transmettre \u00e0 l\u2019\u00e9tablissement d\u2019accueil dans le cadre d\u2019une premi\u00e8re demande ou d\u2019une demande de renouvellement)<\/span><\/li>\n<li><a href=\"https:\/\/www.programmepause.fr\/download\/2624\/\" target=\"_blank\" rel=\"noopener\" title=\"Formulaire de bilan laur\u00e9at\">Formulaire de bilan de la premi\u00e8re ann\u00e9e pour les laur\u00e9ats<\/a> <span>(\u00e0 compl\u00e9ter\u00a0<\/span><a href=\"https:\/\/plateforme-pause.college-de-france.fr\/\" target=\"_blank\" rel=\"noopener\"><span>en ligne<\/span><\/a><span>)<\/span><\/li>\n<\/ul>\n<p>&nbsp;<\/p>\n<p style=\"text-align: justify;\"><span>Le <a href=\"https:\/\/www.programmepause.fr\/download\/6440\/ \">livret d\u2019accueil<\/a><\/span><span> pour les scientifiques <\/span>liste l\u2019ensemble des documents utiles \u00e0 rassembler pour r\u00e9pondre \u00e0 un appel \u00e0 candidatures.<\/p>\n<p>&nbsp;<\/p>\n<p>[\/et_pb_text][\/et_pb_column][\/et_pb_row][et_pb_row _builder_version=&#8221;4.20.2&#8243; _module_preset=&#8221;default&#8221; background_color=&#8221;#142da5&#8243; width=&#8221;100%&#8221; max_width=&#8221;100%&#8221; min_height=&#8221;189.1px&#8221; custom_margin=&#8221;0px||||false|false&#8221; custom_padding=&#8221;23px||100px||false|false&#8221; global_module=&#8221;197&#8243; saved_tabs=&#8221;all&#8221; global_colors_info=&#8221;{}&#8221;][et_pb_column type=&#8221;4_4&#8243; _builder_version=&#8221;4.16&#8243; _module_preset=&#8221;default&#8221; global_colors_info=&#8221;{}&#8221;][et_pb_text _builder_version=&#8221;4.23.4&#8243; _module_preset=&#8221;default&#8221; text_font=&#8221;Libre Baskerville||||||||&#8221; text_text_color=&#8221;#FFFFFF&#8221; text_font_size=&#8221;22px&#8221; text_line_height=&#8221;2em&#8221; text_orientation=&#8221;center&#8221; custom_margin=&#8221;4%||||false|false&#8221; content_en_us=&#8221;<\/p>\n<p>Next call for applications for the institutions:<\/p>\n<p>&#8221; saved_tabs=&#8221;all&#8221; global_colors_info=&#8221;{}&#8221;]<\/p>\n<p>Prochain appel \u00e0 candidatures pour les \u00e9tablissements :<\/p>\n<p>[\/et_pb_text][et_pb_text _builder_version=&#8221;4.23.4&#8243; _module_preset=&#8221;default&#8221; text_font=&#8221;|600|||||||&#8221; text_text_color=&#8221;#FFFFFF&#8221; text_font_size=&#8221;19px&#8221; text_orientation=&#8221;center&#8221; content_en_us=&#8221;<\/p>\n<p>Call for applications: During March 2025<br \/>Deadline for applications: April 3, 2025<\/p>\n<p>&#8221; saved_tabs=&#8221;all&#8221; global_colors_info=&#8221;{}&#8221;]<\/p>\n<p>Ouverture de l&#8217;appel : Courant mars 2025<br \/>\u00c9ch\u00e9ance de d\u00e9p\u00f4t des candidatures : 3 avril 2025<\/p>\n<p>[\/et_pb_text][\/et_pb_column][\/et_pb_row][\/et_pb_section]<\/p>\n","protected":false},"excerpt":{"rendered":"<p><div class=\"et_pb_module dsm_menu dsm_menu_0  et_pb_text_align_right et_pb_bg_layout_light\">\n\t\t\t\t\n\t\t\t\t\n\t\t\t\t\n\t\t\t\t\n\t\t\t\t\n\t\t\t\t\n\t\t\t\t<div class=\"et_pb_module_inner\">\n\t\t\t\t\t<nav class=\"dsm-menu-container\" role=navigation itemscope itemtype=http:\/\/schema.org\/SiteNavigationElement><ul id=\"menu-etre-accueilli\" class=\"dsm-menu dsm-menu-style-type-none dsm-menu-layout-vertical\"><li id=\"menu-item-736\" class=\"et_pb_menu_page_id-731 menu-item menu-item-type-post_type menu-item-object-page menu-item-736\"><a href=\"https:\/\/www.programmepause.fr\/en\/cand-comment-etre-accueilli-par-un-etablissement-en-france\/\" itemprop=\"url\"><span itemprop=\"name\">How to be hosted by a french institution?<\/span><\/a><\/li>\n<li id=\"menu-item-1172\" class=\"et_pb_menu_page_id-1168 menu-item menu-item-type-post_type menu-item-object-page menu-item-1172\"><a href=\"https:\/\/www.programmepause.fr\/en\/candidats-calendrier\/\" itemprop=\"url\"><span itemprop=\"name\">Calls for applications calendar<\/span><\/a><\/li>\n<li id=\"menu-item-754\" class=\"et_pb_menu_page_id-749 menu-item menu-item-type-post_type menu-item-object-page menu-item-754\"><a href=\"https:\/\/www.programmepause.fr\/en\/cand-accompagnement-a-linsertion-professionnelle\/\" itemprop=\"url\"><span itemprop=\"name\">Support with career development<\/span><\/a><\/li>\n<li id=\"menu-item-758\" class=\"et_pb_menu_page_id-755 menu-item menu-item-type-post_type menu-item-object-page menu-item-758\"><a href=\"https:\/\/www.programmepause.fr\/en\/cand-documents-utiles\/\" itemprop=\"url\"><span itemprop=\"name\">USEFUL DOCUMENTS<\/span><\/a><\/li>\n<li id=\"menu-item-8020\" class=\"et_pb_menu_page_id-8015 menu-item menu-item-type-post_type menu-item-object-page menu-item-8020\"><a href=\"https:\/\/www.programmepause.fr\/en\/candidats-livret-daccueil\/\" itemprop=\"url\"><span itemprop=\"name\">Welcome Handbooks<\/span><\/a><\/li>\n<\/ul><\/nav>\n\t\t\t\t<\/div>\n\t\t\t<\/div>Documents utilesVous \u00eates un\u00b7e scientifique ou artiste et souhaitez \u00eatre accueilli\u00b7e par un \u00e9tablissement en France ? Retrouvez ci-dessous tous les documents utiles pour faciliter vos d\u00e9marches. &nbsp; Demande d&#8217;accompagnement \u00e0 la recherche d&#8217;un \u00e9tablissement d&#8217;accueil pour les scientifiques [&hellip;]<\/p>\n","protected":false},"author":2,"featured_media":0,"parent":0,"menu_order":0,"comment_status":"closed","ping_status":"closed","template":"","meta":{"_et_pb_use_builder":"on","_et_pb_old_content":"","_et_gb_content_width":"","footnotes":"","_links_to":"","_links_to_target":""},"categories":[],"tags":[],"class_list":["post-755","page","type-page","status-publish","hentry"],"_links":{"self":[{"href":"https:\/\/www.programmepause.fr\/en\/wp-json\/wp\/v2\/pages\/755","targetHints":{"allow":["GET"]}}],"collection":[{"href":"https:\/\/www.programmepause.fr\/en\/wp-json\/wp\/v2\/pages"}],"about":[{"href":"https:\/\/www.programmepause.fr\/en\/wp-json\/wp\/v2\/types\/page"}],"author":[{"embeddable":true,"href":"https:\/\/www.programmepause.fr\/en\/wp-json\/wp\/v2\/users\/2"}],"replies":[{"embeddable":true,"href":"https:\/\/www.programmepause.fr\/en\/wp-json\/wp\/v2\/comments?post=755"}],"version-history":[{"count":14,"href":"https:\/\/www.programmepause.fr\/en\/wp-json\/wp\/v2\/pages\/755\/revisions"}],"predecessor-version":[{"id":9233,"href":"https:\/\/www.programmepause.fr\/en\/wp-json\/wp\/v2\/pages\/755\/revisions\/9233"}],"wp:attachment":[{"href":"https:\/\/www.programmepause.fr\/en\/wp-json\/wp\/v2\/media?parent=755"}],"wp:term":[{"taxonomy":"category","embeddable":true,"href":"https:\/\/www.programmepause.fr\/en\/wp-json\/wp\/v2\/categories?post=755"},{"taxonomy":"post_tag","embeddable":true,"href":"https:\/\/www.programmepause.fr\/en\/wp-json\/wp\/v2\/tags?post=755"}],"curies":[{"name":"wp","href":"https:\/\/api.w.org\/{rel}","templated":true}]}}