{"id":228,"date":"2021-12-10T00:31:46","date_gmt":"2021-12-09T23:31:46","guid":{"rendered":"https:\/\/www.programmepause.fr\/?page_id=228"},"modified":"2024-11-05T17:52:22","modified_gmt":"2024-11-05T16:52:22","slug":"comment-sont-evaluees-les-candidatures","status":"publish","type":"page","link":"https:\/\/www.programmepause.fr\/en\/comment-sont-evaluees-les-candidatures\/","title":{"rendered":"Etablissements - Comment sont \u00e9valu\u00e9es les candidatures ?"},"content":{"rendered":"<p>[et_pb_section fb_built=&#8221;1&#8243; _builder_version=&#8221;4.20.2&#8243; _module_preset=&#8221;default&#8221; background_color=&#8221;RGBA(255,255,255,0)&#8221; custom_padding=&#8221;0px||0px|||&#8221; da_disable_devices=&#8221;off|off|off&#8221; global_colors_info=&#8221;{}&#8221; da_is_popup=&#8221;off&#8221; da_exit_intent=&#8221;off&#8221; da_has_close=&#8221;on&#8221; da_alt_close=&#8221;off&#8221; da_dark_close=&#8221;off&#8221; da_not_modal=&#8221;on&#8221; da_is_singular=&#8221;off&#8221; da_with_loader=&#8221;off&#8221; da_has_shadow=&#8221;on&#8221;][et_pb_row column_structure=&#8221;2_5,3_5&#8243; make_equal=&#8221;on&#8221; _builder_version=&#8221;4.16&#8243; _module_preset=&#8221;default&#8221; background_enable_image=&#8221;off&#8221; width=&#8221;100%&#8221; max_width=&#8221;2560px&#8221; max_width_tablet=&#8221;2560px&#8221; max_width_phone=&#8221;2560px&#8221; max_width_last_edited=&#8221;on|desktop&#8221; module_alignment=&#8221;center&#8221; custom_padding=&#8221;0px||0px||false|false&#8221; global_colors_info=&#8221;{}&#8221; max_width__hover_enabled=&#8221;on|desktop&#8221; max_width__hover=&#8221;2560px&#8221;][et_pb_column type=&#8221;2_5&#8243; _builder_version=&#8221;4.16&#8243; _module_preset=&#8221;default&#8221; background_image=&#8221;https:\/\/www.programmepause.fr\/wp-content\/uploads\/2022\/02\/Fond-Accueillir006.jpg&#8221; background_position=&#8221;top_left&#8221; custom_padding=&#8221;0px||0px||false|false&#8221; global_colors_info=&#8221;{}&#8221;][dsm_menu menu_id=&#8221;2&#8243; menu_link_text_color=&#8221;#ffffff&#8221; menu_space_between=&#8221;6px&#8221; list_style_type=&#8221;none&#8221; _builder_version=&#8221;4.14.2&#8243; _module_preset=&#8221;default&#8221; header_font=&#8221;Poppins|||on|||||&#8221; header_text_align=&#8221;center&#8221; header_text_color=&#8221;#ffffff&#8221; header_font_size=&#8221;20px&#8221; menu_font=&#8221;|600||on|||||&#8221; menu_font_size=&#8221;16px&#8221; background_color=&#8221;RGBA(255,255,255,0)&#8221; text_orientation=&#8221;right&#8221; custom_margin=&#8221;50px||||false|false&#8221; custom_padding=&#8221;||||false|false&#8221; global_module=&#8221;126&#8243; saved_tabs=&#8221;all&#8221; locked=&#8221;on&#8221; global_colors_info=&#8221;{}&#8221;][\/dsm_menu][\/et_pb_column][et_pb_column type=&#8221;3_5&#8243; _builder_version=&#8221;4.16&#8243; _module_preset=&#8221;default&#8221; custom_padding=&#8221;40px|5%|40px|5%|false|false&#8221; global_colors_info=&#8221;{}&#8221;][et_pb_text _builder_version=&#8221;4.16&#8243; _module_preset=&#8221;default&#8221; custom_margin=&#8221;30px||0px||false|false&#8221; content_en_us=&#8221;<\/p>\n<h1>How are applications assessed ?<\/h1>\n<p>&#8221; global_colors_info=&#8221;{}&#8221;]<\/p>\n<h1>Comment sont \u00e9valu\u00e9es les candidatures ?<\/h1>\n<p>[\/et_pb_text][et_pb_text _builder_version=&#8221;4.23.4&#8243; _module_preset=&#8221;default&#8221; hover_enabled=&#8221;0&#8243; content_en_us=&#8221;<\/p>\n<p style=%22text-align: justify;%22><span style=%22color: #333399;%22>Applications are assessed by PAUSE scientific committee on the basis of the following criteria:<\/span><\/p>\n<p>&nbsp;<\/p>\n<ul style=%22text-align: justify;%22>\n<ul style=%22text-align: justify;%22>\n<li><span style=%22color: #333399;%22>The level of urgency and threat faced by the applicant;<\/span><\/li>\n<li><span style=%22color: #333399;%22>The quality of the scientific or artistic project;<\/span><\/li>\n<li><span style=%22color: #333399;%22>The quality of the social and professional integration support scheme for the applicant.<\/span><\/li>\n<\/ul>\n<p style=%22text-align: center;%22><span style=%22color: #333399;%22><strong><span style=%22color: #993300;%22>| Incomplete applications will not be considered |<\/span><\/strong><\/span><\/p>\n<p>&nbsp;<\/p>\n<p style=%22text-align: justify;%22><span style=%22color: #333399;%22>The PAUSE steering committee selects the applications on the basis of the proposals of the scientific committee. The committee is sovereign in its decisions.<\/span><\/p>\n<p>&nbsp;<\/p>\n<p style=%22text-align: justify;%22><span style=%22color: #333399;%22><strong>The results will be notified by e-mail to the host institution, which will be responsible for communicating them to the beneficiary.<\/strong><\/span><\/p>\n<p>&nbsp;<\/p>\n<table width=%22797%22 height=%22376%22 style=%22width: 950px;%22>\n<tbody>\n<tr>\n<td style=%22width: 940px;%22>\n<h5 style=%22text-align: justify;%22><span style=%22color: #993300;%22><strong>Security and confidentiality of information transmitted<\/strong><\/span><\/h5>\n<p><span style=%22color: #333399;%22>\u00a0<\/span><\/p>\n<p style=%22text-align: justify;%22><span style=%22color: #333399;%22>Given the sensitive nature of the information exchanged between the host institution and the applicant, we highly recommend that you:<\/span><\/p>\n<p>&nbsp;<\/p>\n<ul>\n<li style=%22text-align: justify;%22><span style=%22color: #333399;%22><strong>Neutralize the applicant&#8217;s identity documents provided<\/strong> (passport, residence permit), by adding the word %22specimen%22 to these documents. This will prevent identity theft in case of interception of identity documents online;<\/span><\/li>\n<li style=%22text-align: justify;%22><span style=%22color: #333399;%22><strong>Use only the secure application platform<\/strong> to apply and do not send any application by e-mail. Only applications submitted on the platform will be examined by the PAUSE programme;<\/span><\/li>\n<li style=%22text-align: justify;%22><span style=%22color: #333399;%22><strong>Contact the PAUSE team in case of particular confidentiality constraints in order to set up a secure procedure for e-mail exchanges<\/strong>.<\/span><\/li>\n<\/ul>\n<\/td>\n<\/tr>\n<\/tbody>\n<\/table>\n<p style=%22text-align: justify;%22><span style=%22color: #333399;%22>\u00a0<\/span><\/p>\n<p>&#8221; global_colors_info=&#8221;{}&#8221; sticky_enabled=&#8221;0&#8243;]<\/p>\n<p style=\"text-align: justify;\"><span style=\"color: #333399;\">Les dossiers sont \u00e9valu\u00e9s par le comit\u00e9 scientifique du programme PAUSE sur la base des crit\u00e8res suivants :<\/span><\/p>\n<p><span style=\"color: #333399;\">\u00a0<\/span><\/p>\n<ul>\n<li style=\"text-align: justify;\"><span style=\"color: #333399;\">Le niveau d\u2019urgence et de menace pesant sur le\u00b7a candidat\u00b7e ;<\/span><\/li>\n<li style=\"text-align: justify;\"><span style=\"color: #333399;\">La qualit\u00e9 du dossier scientifique ou artistique ;<\/span><\/li>\n<li style=\"text-align: justify;\"><span><span style=\"color: #333399;\">La qualit\u00e9 du dispositif d\u2019accompagnement \u00e0 l&#8217;insertion sociale et professionnelle.<\/span><br \/>\n<\/span><\/li>\n<\/ul>\n<p style=\"text-align: center;\"><span style=\"color: #993300;\"><strong>| Tout dossier incomplet sera jug\u00e9 irrecevable |<br \/>\n<\/strong><\/span><\/p>\n<p style=\"text-align: justify;\"><span><br \/>\n<span style=\"color: #333399;\">Le comit\u00e9 de direction du programme PAUSE s\u00e9lectionne les dossiers sur la base des propositions du comit\u00e9 scientifique. Celui-ci est souverain dans ses d\u00e9cisions.<\/span><\/span><\/p>\n<p>&nbsp;<br \/>\n<span style=\"color: #333399;\"><strong>Les r\u00e9sultats seront notifi\u00e9s par mail \u00e0 l\u2019\u00e9tablissement d\u2019accueil, qui aura la charge de les communiquer au b\u00e9n\u00e9ficiaire.<\/strong><\/span><br \/>\n&nbsp;<\/p>\n<table width=\"797\" height=\"376\" style=\"width: 950px;\">\n<tbody>\n<tr>\n<td style=\"width: 940px;\">\n<h5 style=\"text-align: justify;\"><span style=\"color: #993300;\">S\u00e9curit\u00e9 et confidentialit\u00e9 des informations transmises<\/span><\/h5>\n<p>&nbsp;<\/p>\n<p style=\"text-align: justify;\"><span style=\"color: #333399;\">Compte tenu du caract\u00e8re sensible des \u00e9changes entre votre \u00e9tablissement et le\u00b7a candidat\u00b7e, et des informations pr\u00e9sentes dans votre dossier de candidature, nous vous invitons \u00e0 :<\/span><\/p>\n<p><span style=\"color: #333399;\">\u00a0<\/span><\/p>\n<ul>\n<li style=\"text-align: justify;\"><span style=\"color: #333399;\"><strong>Neutraliser les pi\u00e8ces justificatives vers\u00e9es au dossier\u00a0<\/strong>permettant d\u2019identifier le\u00b7a candidat\u00b7e (passeport, titre de s\u00e9jour), en ajoutant \u00e0 ces documents la mention \u00ab sp\u00e9cimen \u00bb en filigrane ou manuellement. Cette mention permet d\u2019emp\u00eacher toute usurpation d\u2019identit\u00e9 en cas d\u2019interception des documents d\u2019identit\u00e9 en ligne ;<\/span><\/li>\n<li style=\"text-align: justify;\"><span style=\"color: #333399;\"><strong>Recourir exclusivement \u00e0 la plateforme s\u00e9curis\u00e9e de d\u00e9p\u00f4t des dossiers <\/strong>pour candidater\u00a0et ne transmettre aucune candidature par mail. Seules les candidatures d\u00e9pos\u00e9es sur la plateforme seront examin\u00e9es par le programme PAUSE ;<\/span><\/li>\n<li style=\"text-align: justify;\"><span style=\"color: #333399;\"><strong>Contacter l\u2019\u00e9quipe PAUSE en cas de contrainte de confidentialit\u00e9 particuli\u00e8re afin de mettre en place une proc\u00e9dure s\u00e9curis\u00e9e pour les \u00e9changes par courriel<\/strong>.<\/span><\/li>\n<\/ul>\n<\/td>\n<\/tr>\n<\/tbody>\n<\/table>\n<p>[\/et_pb_text][\/et_pb_column][\/et_pb_row][et_pb_row _builder_version=&#8221;4.20.2&#8243; _module_preset=&#8221;default&#8221; background_color=&#8221;#142da5&#8243; width=&#8221;100%&#8221; max_width=&#8221;100%&#8221; min_height=&#8221;189.1px&#8221; custom_margin=&#8221;0px||||false|false&#8221; custom_padding=&#8221;23px||100px||false|false&#8221; global_module=&#8221;197&#8243; saved_tabs=&#8221;all&#8221; global_colors_info=&#8221;{}&#8221;][et_pb_column type=&#8221;4_4&#8243; _builder_version=&#8221;4.16&#8243; _module_preset=&#8221;default&#8221; global_colors_info=&#8221;{}&#8221;][et_pb_text _builder_version=&#8221;4.16&#8243; _module_preset=&#8221;default&#8221; text_font=&#8221;Libre Baskerville||||||||&#8221; text_text_color=&#8221;#FFFFFF&#8221; text_font_size=&#8221;22px&#8221; text_line_height=&#8221;2em&#8221; text_orientation=&#8221;center&#8221; custom_margin=&#8221;4%||||false|false&#8221; content_en_us=&#8221;<\/p>\n<p>Next call for applications:<\/p>\n<p>&#8221; saved_tabs=&#8221;all&#8221; global_colors_info=&#8221;{}&#8221;]<\/p>\n<p>Prochain appel \u00e0 candidatures :<\/p>\n<p>[\/et_pb_text][et_pb_text _builder_version=&#8221;4.23.4&#8243; _module_preset=&#8221;default&#8221; text_font=&#8221;|600|||||||&#8221; text_text_color=&#8221;#FFFFFF&#8221; text_font_size=&#8221;19px&#8221; text_orientation=&#8221;center&#8221; content_en_us=&#8221;<\/p>\n<p>Opening of the call for applications : late December 2024<\/p>\n<p>Deadline for applications : January 30, 2025<\/p>\n<p>&#8221; saved_tabs=&#8221;all&#8221; global_colors_info=&#8221;{}&#8221;]<\/p>\n<p>Ouverture de l&#8217;appel : fin d\u00e9cembre 2024<br \/>\u00c9ch\u00e9ance de d\u00e9p\u00f4t des candidatures : 30 janvier 2025<\/p>\n<p>[\/et_pb_text][\/et_pb_column][\/et_pb_row][\/et_pb_section][et_pb_section fb_built=&#8221;1&#8243; _builder_version=&#8221;4.16&#8243; _module_preset=&#8221;default&#8221; background_color=&#8221;#2b2b2b&#8221; min_height=&#8221;0.8px&#8221; custom_padding=&#8221;2px||2px||false|false&#8221; da_disable_devices=&#8221;off|off|off&#8221; global_colors_info=&#8221;{}&#8221; da_is_popup=&#8221;off&#8221; da_exit_intent=&#8221;off&#8221; da_has_close=&#8221;on&#8221; da_alt_close=&#8221;off&#8221; da_dark_close=&#8221;off&#8221; da_not_modal=&#8221;on&#8221; da_is_singular=&#8221;off&#8221; da_with_loader=&#8221;off&#8221; da_has_shadow=&#8221;on&#8221;][et_pb_row _builder_version=&#8221;4.16&#8243; _module_preset=&#8221;default&#8221; width=&#8221;100%&#8221; custom_padding=&#8221;0px||0px|||&#8221; global_colors_info=&#8221;{}&#8221;][et_pb_column type=&#8221;4_4&#8243; _builder_version=&#8221;4.16&#8243; _module_preset=&#8221;default&#8221; global_colors_info=&#8221;{}&#8221;][et_pb_text _builder_version=&#8221;4.16&#8243; _module_preset=&#8221;default&#8221; text_text_color=&#8221;#FFFFFF&#8221; text_font_size=&#8221;11px&#8221; text_orientation=&#8221;center&#8221; content_en_us=&#8221;\u00a9 PAUSE Program 2022 &#8211; All rights reserved&#8221; global_colors_info=&#8221;{}&#8221;]\u00a9 Programme PAUSE 2022 &#8211; Tous droits r\u00e9serv\u00e9s[\/et_pb_text][\/et_pb_column][\/et_pb_row][\/et_pb_section]<\/p>\n","protected":false},"excerpt":{"rendered":"<p><div class=\"et_pb_module dsm_menu dsm_menu_0  et_pb_text_align_right et_pb_bg_layout_light\">\n\t\t\t\t\n\t\t\t\t\n\t\t\t\t\n\t\t\t\t\n\t\t\t\t\n\t\t\t\t\n\t\t\t\t<div class=\"et_pb_module_inner\">\n\t\t\t\t\t<nav class=\"dsm-menu-container\" role=navigation itemscope itemtype=http:\/\/schema.org\/SiteNavigationElement><ul id=\"menu-accueillir\" class=\"dsm-menu dsm-menu-style-type-none dsm-menu-layout-vertical\"><li id=\"menu-item-93\" class=\"et_pb_menu_page_id-73 menu-item menu-item-type-post_type menu-item-object-page menu-item-93\"><a href=\"https:\/\/www.programmepause.fr\/en\/comment-accueillir-une-scientifique-ou-artiste-en-exil\/\" itemprop=\"url\"><span itemprop=\"name\">How to host a scientist or an artist?<\/span><\/a><\/li>\n<li id=\"menu-item-128\" class=\"et_pb_menu_page_id-115 menu-item menu-item-type-post_type menu-item-object-page menu-item-128\"><a href=\"https:\/\/www.programmepause.fr\/en\/comment-deposer-un-dossier-de-candidature\/\" itemprop=\"url\"><span itemprop=\"name\">Submit an application<\/span><\/a><\/li>\n<li id=\"menu-item-135\" class=\"et_pb_menu_page_id-132 menu-item menu-item-type-post_type menu-item-object-page menu-item-135\"><a href=\"https:\/\/www.programmepause.fr\/en\/candidatures-etablissements-pieces-a-fournir\/\" itemprop=\"url\"><span itemprop=\"name\">Documents to provide<\/span><\/a><\/li>\n<li id=\"menu-item-1159\" class=\"et_pb_menu_page_id-1153 menu-item menu-item-type-post_type menu-item-object-page menu-item-1159\"><a href=\"https:\/\/www.programmepause.fr\/en\/etablissements-calendrier\/\" itemprop=\"url\"><span itemprop=\"name\">Calls for applications calendar<\/span><\/a><\/li>\n<li id=\"menu-item-233\" class=\"et_pb_menu_page_id-228 menu-item menu-item-type-post_type menu-item-object-page menu-item-233\"><a href=\"https:\/\/www.programmepause.fr\/en\/comment-sont-evaluees-les-candidatures\/\" itemprop=\"url\"><span itemprop=\"name\">How are applications assessed?<\/span><\/a><\/li>\n<li id=\"menu-item-240\" class=\"et_pb_menu_page_id-234 menu-item menu-item-type-post_type menu-item-object-page menu-item-240\"><a href=\"https:\/\/www.programmepause.fr\/en\/candidature-retenue\/\" itemprop=\"url\"><span itemprop=\"name\">Application approuved<\/span><\/a><\/li>\n<li id=\"menu-item-246\" class=\"et_pb_menu_page_id-242 menu-item menu-item-type-post_type menu-item-object-page menu-item-246\"><a href=\"https:\/\/www.programmepause.fr\/en\/assurer-le-suivi-de-laccueil-bilan\/\" itemprop=\"url\"><span itemprop=\"name\">Hosting follow-up<\/span><\/a><\/li>\n<li id=\"menu-item-259\" class=\"et_pb_menu_page_id-255 menu-item menu-item-type-post_type menu-item-object-page menu-item-259\"><a href=\"https:\/\/www.programmepause.fr\/en\/etab-documents-utiles\/\" itemprop=\"url\"><span itemprop=\"name\">USEFUL DOCUMENTS<\/span><\/a><\/li>\n<li id=\"menu-item-6458\" class=\"et_pb_menu_page_id-6447 menu-item menu-item-type-post_type menu-item-object-page menu-item-6458\"><a href=\"https:\/\/www.programmepause.fr\/en\/etablissements-livret-daccueil\/\" itemprop=\"url\"><span itemprop=\"name\"> Welcome Handbook for host institutions <\/span><\/a><\/li>\n<li id=\"menu-item-4217\" class=\"et_pb_menu_page_id-4215 menu-item menu-item-type-post_type menu-item-object-page menu-item-4217\"><a href=\"https:\/\/www.programmepause.fr\/en\/liste-de-candidats-en-situation-durgence-a-accueillir\/\" itemprop=\"url\"><span itemprop=\"name\">List of at-risk candidates looking for a host institution<\/span><\/a><\/li>\n<\/ul><\/nav>\n\t\t\t\t<\/div>\n\t\t\t<\/div>Comment sont \u00e9valu\u00e9es les candidatures ?Les dossiers sont \u00e9valu\u00e9s par le comit\u00e9 scientifique du programme PAUSE sur la base des crit\u00e8res suivants : \u00a0 Le niveau d\u2019urgence et de menace pesant sur le\u00b7a candidat\u00b7e ; [&hellip;]<\/p>\n","protected":false},"author":2,"featured_media":0,"parent":0,"menu_order":0,"comment_status":"closed","ping_status":"closed","template":"","meta":{"_et_pb_use_builder":"on","_et_pb_old_content":"","_et_gb_content_width":"","footnotes":"","_links_to":"","_links_to_target":""},"categories":[],"tags":[],"class_list":["post-228","page","type-page","status-publish","hentry"],"_links":{"self":[{"href":"https:\/\/www.programmepause.fr\/en\/wp-json\/wp\/v2\/pages\/228","targetHints":{"allow":["GET"]}}],"collection":[{"href":"https:\/\/www.programmepause.fr\/en\/wp-json\/wp\/v2\/pages"}],"about":[{"href":"https:\/\/www.programmepause.fr\/en\/wp-json\/wp\/v2\/types\/page"}],"author":[{"embeddable":true,"href":"https:\/\/www.programmepause.fr\/en\/wp-json\/wp\/v2\/users\/2"}],"replies":[{"embeddable":true,"href":"https:\/\/www.programmepause.fr\/en\/wp-json\/wp\/v2\/comments?post=228"}],"version-history":[{"count":46,"href":"https:\/\/www.programmepause.fr\/en\/wp-json\/wp\/v2\/pages\/228\/revisions"}],"predecessor-version":[{"id":8435,"href":"https:\/\/www.programmepause.fr\/en\/wp-json\/wp\/v2\/pages\/228\/revisions\/8435"}],"wp:attachment":[{"href":"https:\/\/www.programmepause.fr\/en\/wp-json\/wp\/v2\/media?parent=228"}],"wp:term":[{"taxonomy":"category","embeddable":true,"href":"https:\/\/www.programmepause.fr\/en\/wp-json\/wp\/v2\/categories?post=228"},{"taxonomy":"post_tag","embeddable":true,"href":"https:\/\/www.programmepause.fr\/en\/wp-json\/wp\/v2\/tags?post=228"}],"curies":[{"name":"wp","href":"https:\/\/api.w.org\/{rel}","templated":true}]}}