{"id":115,"date":"2021-12-09T21:26:38","date_gmt":"2021-12-09T20:26:38","guid":{"rendered":"https:\/\/www.programmepause.fr\/?page_id=115"},"modified":"2026-03-12T19:16:16","modified_gmt":"2026-03-12T18:16:16","slug":"comment-deposer-un-dossier-de-candidature","status":"publish","type":"page","link":"https:\/\/www.programmepause.fr\/en\/comment-deposer-un-dossier-de-candidature\/","title":{"rendered":"Etablissements - D\u00e9poser un dossier de candidature"},"content":{"rendered":"<p>[et_pb_section fb_built=&#8221;1&#8243; _builder_version=&#8221;4.20.2&#8243; _module_preset=&#8221;default&#8221; background_color=&#8221;RGBA(255,255,255,0)&#8221; custom_padding=&#8221;0px||0px|||&#8221; da_disable_devices=&#8221;off|off|off&#8221; global_colors_info=&#8221;{}&#8221; da_is_popup=&#8221;off&#8221; da_exit_intent=&#8221;off&#8221; da_has_close=&#8221;on&#8221; da_alt_close=&#8221;off&#8221; da_dark_close=&#8221;off&#8221; da_not_modal=&#8221;on&#8221; da_is_singular=&#8221;off&#8221; da_with_loader=&#8221;off&#8221; da_has_shadow=&#8221;on&#8221;][et_pb_row column_structure=&#8221;2_5,3_5&#8243; make_equal=&#8221;on&#8221; _builder_version=&#8221;4.16&#8243; _module_preset=&#8221;default&#8221; background_enable_image=&#8221;off&#8221; width=&#8221;100%&#8221; max_width=&#8221;2560px&#8221; max_width_tablet=&#8221;2560px&#8221; max_width_phone=&#8221;2560px&#8221; max_width_last_edited=&#8221;on|desktop&#8221; module_alignment=&#8221;center&#8221; custom_padding=&#8221;0px||0px||false|false&#8221; global_colors_info=&#8221;{}&#8221; max_width__hover_enabled=&#8221;on|desktop&#8221; max_width__hover=&#8221;2560px&#8221;][et_pb_column type=&#8221;2_5&#8243; _builder_version=&#8221;4.16&#8243; _module_preset=&#8221;default&#8221; background_image=&#8221;https:\/\/www.programmepause.fr\/wp-content\/uploads\/2022\/02\/Fond-Accueillir004.jpg&#8221; custom_padding=&#8221;0px||0px||false|false&#8221; global_colors_info=&#8221;{}&#8221;][dsm_menu menu_id=&#8221;2&#8243; menu_link_text_color=&#8221;#ffffff&#8221; menu_space_between=&#8221;6px&#8221; list_style_type=&#8221;none&#8221; _builder_version=&#8221;4.14.2&#8243; _module_preset=&#8221;default&#8221; header_font=&#8221;Poppins|||on|||||&#8221; header_text_align=&#8221;center&#8221; header_text_color=&#8221;#ffffff&#8221; header_font_size=&#8221;20px&#8221; menu_font=&#8221;|600||on|||||&#8221; menu_font_size=&#8221;16px&#8221; background_color=&#8221;RGBA(255,255,255,0)&#8221; text_orientation=&#8221;right&#8221; custom_margin=&#8221;50px||||false|false&#8221; custom_padding=&#8221;||||false|false&#8221; global_module=&#8221;126&#8243; saved_tabs=&#8221;all&#8221; locked=&#8221;on&#8221; global_colors_info=&#8221;{}&#8221;][\/dsm_menu][\/et_pb_column][et_pb_column type=&#8221;3_5&#8243; _builder_version=&#8221;4.16&#8243; _module_preset=&#8221;default&#8221; custom_padding=&#8221;40px|5%|40px|5%|false|false&#8221; global_colors_info=&#8221;{}&#8221;][et_pb_text _builder_version=&#8221;4.16&#8243; _module_preset=&#8221;default&#8221; custom_margin=&#8221;30px||30px||false|false&#8221; content_en_us=&#8221;<\/p>\n<h1>Where to submit an application?<\/h1>\n<p>&#8221; global_colors_info=&#8221;{}&#8221;]<\/p>\n<h1>O\u00f9 d\u00e9poser un dossier de candidature ?<\/h1>\n<p>[\/et_pb_text][et_pb_text _builder_version=&#8221;4.23.4&#8243; _module_preset=&#8221;default&#8221; text_text_color=&#8221;#d20032&#8243; text_font_size=&#8221;15px&#8221; custom_margin=&#8221;20px||20px||false|false&#8221; custom_padding=&#8221;|||0px||&#8221; content_en_us=&#8221;<\/p>\n<p style=%22text-align: center;%22><strong><span style=%22color: #ff0000;%22><span style=%22color: #993300;%22>| To read before submitting an application |<\/span><\/span><\/strong><\/p>\n<p>&#8221; global_colors_info=&#8221;{}&#8221;]<\/p>\n<p style=\"text-align: center;\"><strong>\u00c0 lire avant de d\u00e9poser un dossier de candidature<\/strong><\/p>\n<p>[\/et_pb_text][et_pb_text _builder_version=&#8221;4.23.4&#8243; _module_preset=&#8221;default&#8221; custom_padding=&#8221;|||0px||&#8221; content_en_us=&#8221;<\/p>\n<p style=%22text-align: justify;%22><span style=%22color: #333399;%22>Applications <strong>must be completed and submitted online by host institutions on the dedicated platform<\/strong>. The application must be submitted in the form corresponding to the status of the applicant (First application or Renewal; scientist, doctoral student or artist). All required fields must be carefully filled in and must not refer to an attachment.<\/span><\/p>\n<p><span style=%22color: #333399;%22> <\/span><\/p>\n<p style=%22text-align: justify;%22><span style=%22color: #333399;%22><strong>Any incomplete application will be considered ineligible and will thus not be submitted for evaluation<\/strong>. It is in the interest of the candidates that the host institution accurately fills in the application form in order to allow an exhaustive analysis of the application.<\/span><\/p>\n<p><span style=%22color: #333399;%22> <\/span><\/p>\n<p style=%22text-align: justify;%22><span style=%22color: #333399;%22><strong>If you have any inquiries or face difficulties when creating an application, do not hesitate to reach out to the PAUSE team<\/strong>.<\/span><\/p>\n<p><span style=%22color: #333399;%22> <\/span><\/p>\n<p style=%22text-align: justify;%22><span style=%22color: #333399;%22>The submission of supporting documents does not exempt the completion of required fields.<\/span><\/p>\n<p style=%22text-align: justify;%22><span style=%22color: #333399;%22><span style=%22color: #993300;%22><strong>NB \/<\/strong><\/span> Any application for a renewal of co-financing will be admissible only if all the administrative elements related to the first contract (or 2nd in the case of doctoral students) have been sent to the executive management of the PAUSE programme.<strong><\/strong><\/span><\/p>\n<p>&#8221; global_colors_info=&#8221;{}&#8221;]<\/p>\n<p style=\"text-align: justify;\"><span style=\"color: #333399;\">Les dossiers de candidature <strong>doivent \u00eatre constitu\u00e9s et d\u00e9pos\u00e9s en ligne par les \u00e9tablissements d\u2019accueil via la plateforme de d\u00e9p\u00f4t d\u00e9di\u00e9e<\/strong>. Le dossier doit \u00eatre d\u00e9pos\u00e9 dans le formulaire correspondant au statut du candidat (premi\u00e8re candidature ou renouvellement ; scientifique, doctorant ou artiste). Tous les champs requis doivent \u00eatre soigneusement remplis et ne doivent pas renvoyer \u00e0 une pi\u00e8ce jointe. \u00a0 <strong><\/strong><\/span><\/p>\n<p style=\"text-align: justify;\"><span style=\"color: #333399;\"><strong><br \/>Tout dossier incomplet sera jug\u00e9 irrecevable et en cons\u00e9quence, ne sera pas soumis \u00e0 \u00e9valuation.<\/strong> Il est dans l&#8217;int\u00e9r\u00eat des candidats chercheurs et artistes que l&#8217;\u00e9tablissement d&#8217;accueil renseigne le dossier de candidature de mani\u00e8re tr\u00e8s pr\u00e9cise afin de permettre une analyse exhaustive de la candidature.<\/span><\/p>\n<p style=\"text-align: justify;\"><span style=\"color: #333399;\"><strong><br \/>N&#8217;h\u00e9sitez pas \u00e0 prendre l&#8217;attache de l&#8217;\u00e9quipe PAUSE lors de la constitution du dossier, si vous avez des interrogations ou rencontrez des difficult\u00e9s.<\/strong><\/span><\/p>\n<p><span style=\"color: #333399;\">\u00a0<\/span><\/p>\n<p style=\"text-align: justify;\"><span style=\"color: #333399;\">Le d\u00e9p\u00f4t des pi\u00e8ces justificatives ne dispense pas de remplir les champs requis.<\/span><\/p>\n<p><span style=\"color: #333399;\">\u00a0<\/span><\/p>\n<p style=\"text-align: justify;\"><span style=\"color: #333399;\"><span style=\"color: #993300;\"><strong>NB \/<\/strong><\/span> Toute candidature \u00e0 un renouvellement de co-financement ne sera recevable que si tous les \u00e9l\u00e9ments administratifs li\u00e9s au premier contrat (ou deuxi\u00e8me s\u2019agissant des doctorants) ont \u00e9t\u00e9 transmis \u00e0 la direction ex\u00e9cutive du programme PAUSE.<\/span><\/p>\n<p>[\/et_pb_text][et_pb_text _builder_version=&#8221;4.23.4&#8243; _module_preset=&#8221;default&#8221; custom_margin=&#8221;40px||0px||false|false&#8221; content_en_us=&#8221;<\/p>\n<h1>Documents to download<\/h1>\n<p>&#8221; global_colors_info=&#8221;{}&#8221;]<\/p>\n<h1>Documents \u00e0 t\u00e9l\u00e9charger<\/h1>\n<p>[\/et_pb_text][et_pb_text _builder_version=&#8221;4.23.4&#8243; _module_preset=&#8221;default&#8221; custom_margin=&#8221;||0px||false|false&#8221; custom_padding=&#8221;||0px|0px|false|false&#8221; content_en_us=&#8221;<\/p>\n<table style=%22width: 99.6522%; border-collapse: collapse; border-style: hidden;%22 border=%220%22>\n<tbody>\n<tr>\n<td style=%22width: 50%;%22>\n<h5 style=%22text-align: center;%22><span style=%22color: #993300;%22>First application forms<\/span><span style=%22color: #666699;%22><\/span><\/h5>\n<\/p>\n<p style=%22text-align: center;%22><span><\/span><\/p>\n<p style=%22text-align: center;%22><a href=%22https:\/\/www.programmepause.fr\/wp-content\/uploads\/2024\/09\/Formulaire_de_premiere_candidature_scientifique.docx%22><span>First application form for scientists<\/span><\/a><\/p>\n<p style=%22text-align: center;%22><a href=%22https:\/\/www.programmepause.fr\/wp-content\/uploads\/2024\/09\/Formulaire_de_premiere_candidature_artiste_.docx%22><span>First application form for artists<\/span><\/a><\/p>\n<p style=%22text-align: center;%22><span><a href=%22https:\/\/www.programmepause.fr\/wp-content\/uploads\/2024\/09\/Formulaire_premiere_candidature_doctorant_.docx%22>First application form for doctoral students<\/a><\/span><\/p>\n<p style=%22text-align: center;%22><span><a href=%22https:\/\/www.programmepause.fr\/wp-content\/uploads\/2024\/09\/Formulaire_premiere_candidature_doctorant_.docx%22><\/a><\/span><\/p>\n<\/td>\n<td style=%22width: 50%;%22>\n<h5 style=%22text-align: center;%22><span style=%22color: #993300;%22>Formulaires de renouvellement<\/span><span style=%22color: #666699;%22><\/span><\/h5>\n<\/p>\n<p style=%22text-align: center;%22><span><\/span><\/p>\n<p style=%22text-align: center;%22><a href=%22%20https:\/\/www.programmepause.fr\/lana-download\/5753\/%22><span>Renewal application form for scientists<\/span><\/a><\/p>\n<p style=%22text-align: center;%22><span><a href=%22https:\/\/www.programmepause.fr\/wp-content\/uploads\/2024\/09\/Formulaire_de_renouvellement_-artistes.docx%22>Renewal application form for artists<\/a><\/span><\/p>\n<p style=%22text-align: center;%22><span><a href=%22https:\/\/www.programmepause.fr\/wp-content\/uploads\/2024\/09\/Formulaire_de_renouvellement_doctorant_.docx%22>Renewal application form for doctoral students<\/a><\/span><\/p>\n<\/p>\n<p style=%22text-align: center;%22>\n<\/td>\n<\/tr>\n<\/tbody>\n<\/table>\n<p>&#8221; global_colors_info=&#8221;{}&#8221;]<\/p>\n<table style=\"width: 99.6522%; border-collapse: collapse; border-style: hidden;\" border=\"0\" height=\"212\">\n<tbody>\n<tr>\n<td style=\"width: 50%;\">\n<h5 style=\"text-align: center;\"><span style=\"color: #993300;\">Formulaires de premi\u00e8res candidature<\/span><span style=\"color: #666699;\"><\/span><\/h5>\n<p>&nbsp;<\/p>\n<p style=\"text-align: center;\"><span><\/span><\/p>\n<p style=\"text-align: center;\"><a href=\"https:\/\/www.programmepause.fr\/wp-content\/uploads\/2024\/09\/Formulaire_de_premiere_candidature_scientifique.docx\"><span>Formulaire de premi\u00e8re candidature pour les scientifiques<\/span><\/a><\/p>\n<p style=\"text-align: center;\"><a href=\"https:\/\/www.programmepause.fr\/wp-content\/uploads\/2024\/09\/Formulaire_de_premiere_candidature_artiste_.docx\"><span>Formulaire de premi\u00e8re candidature pour les artistes<\/span><\/a><span><\/span><\/p>\n<p style=\"text-align: center;\"><span><a href=\"https:\/\/www.programmepause.fr\/wp-content\/uploads\/2024\/09\/Formulaire_premiere_candidature_doctorant_.docx\">Formulaire de premi\u00e8re candidature pour les doctorants<\/a><\/span><\/p>\n<\/td>\n<td style=\"width: 50%;\">\n<h5 style=\"text-align: center;\"><span style=\"color: #993300;\">Formulaires de renouvellement<\/span><span style=\"color: #666699;\"><\/span><\/h5>\n<p>&nbsp;<\/p>\n<p style=\"text-align: center;\"><span><\/span><\/p>\n<p style=\"text-align: center;\"><a href=\"https:\/\/www.programmepause.fr\/wp-content\/uploads\/2024\/09\/Formulaire_de_renouvellement_scientifique.docx\"><span>Formulaire de renouvellement pour les scientifiques<\/span><\/a><span><\/span><span><\/span><\/p>\n<p style=\"text-align: center;\"><span><a href=\"https:\/\/www.programmepause.fr\/wp-content\/uploads\/2024\/09\/Formulaire_de_renouvellement_-artistes.docx\">Formulaire de renouvellement pour les artistes<\/a><\/span><\/p>\n<p style=\"text-align: center;\"><a href=\"https:\/\/www.programmepause.fr\/wp-content\/uploads\/2024\/09\/Formulaire_de_renouvellement_doctorant_.docx\"><span>Formulaire de renouvellement pour les doctorants<\/span><\/a><\/p>\n<p style=\"text-align: center;\">\n<\/td>\n<\/tr>\n<\/tbody>\n<\/table>\n<p>&nbsp;<\/p>\n<ul><\/ul>\n<p>[\/et_pb_text][et_pb_button button_url=&#8221;https:\/\/plateforme-pause.college-de-france.fr\/&#8221; button_text=&#8221;Plateforme de d\u00e9p\u00f4t de candidatures&#8221; button_alignment=&#8221;center&#8221; _builder_version=&#8221;4.23.4&#8243; _module_preset=&#8221;default&#8221; custom_button=&#8221;on&#8221; button_text_size=&#8221;15px&#8221; button_text_color=&#8221;#142da5&#8243; button_border_width=&#8221;2px&#8221; button_border_radius=&#8221;12px&#8221; button_letter_spacing=&#8221;1px&#8221; button_icon_color=&#8221;#000000&#8243; custom_margin=&#8221;||25px||false|false&#8221; button_text_en_us=&#8221;Application submission platform&#8221; button_url_en_us=&#8221;https:\/\/plateforme-pause.college-de-france.fr\/&#8221; global_colors_info=&#8221;{}&#8221;][\/et_pb_button][et_pb_button button_url=&#8221;@ET-DC@eyJkeW5hbWljIjp0cnVlLCJjb250ZW50IjoicG9zdF9saW5rX3VybF9wYWdlIiwic2V0dGluZ3MiOnsicG9zdF9pZCI6IjEzMiJ9fQ==@&#8221; button_text=&#8221;Consulter les documents n\u00e9cessaires au d\u00e9p\u00f4t de la candidature&#8221; button_alignment=&#8221;center&#8221; _builder_version=&#8221;4.23.4&#8243; _dynamic_attributes=&#8221;button_url&#8221; _module_preset=&#8221;default&#8221; custom_button=&#8221;on&#8221; button_text_size=&#8221;15px&#8221; button_text_color=&#8221;#FFFFFF&#8221; button_bg_color=&#8221;#d20032&#8243; button_border_width=&#8221;2px&#8221; button_border_radius=&#8221;12px&#8221; button_letter_spacing=&#8221;1px&#8221; button_icon_color=&#8221;#000000&#8243; custom_margin=&#8221;||25px||false|false&#8221; button_text_en_us=&#8221;Consult the documents to provide for the application&#8221; global_colors_info=&#8221;{}&#8221;][\/et_pb_button][et_pb_text _builder_version=&#8221;4.23.4&#8243; _module_preset=&#8221;default&#8221; custom_margin=&#8221;40px||0px||false|false&#8221; content_en_us=&#8221;<\/p>\n<h1>Where to submit an application?<\/h1>\n<p>&#8221; global_colors_info=&#8221;{}&#8221;]<\/p>\n<h1>Quand d\u00e9poser un dossier de candidature ?<\/h1>\n<p>[\/et_pb_text][et_pb_button button_url=&#8221;@ET-DC@eyJkeW5hbWljIjp0cnVlLCJjb250ZW50IjoicG9zdF9saW5rX3VybF9wYWdlIiwic2V0dGluZ3MiOnsicG9zdF9pZCI6IjExNTMifX0=@&#8221; button_text=&#8221;Consulter le calendrier des appels \u00e0 candidatures&#8221; button_alignment=&#8221;center&#8221; _builder_version=&#8221;4.23.4&#8243; _dynamic_attributes=&#8221;button_url&#8221; _module_preset=&#8221;default&#8221; custom_button=&#8221;on&#8221; button_text_size=&#8221;15px&#8221; button_text_color=&#8221;#142da5&#8243; button_border_width=&#8221;2px&#8221; button_border_radius=&#8221;10px&#8221; button_letter_spacing=&#8221;1px&#8221; custom_margin=&#8221;20px||20px||false|false&#8221; custom_padding=&#8221;||||false|false&#8221; button_text_en_us=&#8221;See the calls for application calendar&#8221; global_colors_info=&#8221;{}&#8221;][\/et_pb_button][et_pb_text _builder_version=&#8221;4.23.4&#8243; _module_preset=&#8221;default&#8221; content_en_us=&#8221;<\/p>\n<table style=%22background-color: transparent;%22>\n<tbody>\n<tr>\n<td><b><a href=%22https:\/\/plateforme-pause.college-de-france.fr\/%22><span style=%22color: #142da5;%22><img src=%22https:\/\/www.programmepause.fr\/wp-content\/uploads\/2022\/02\/Attention-1.png%22 alt=%22%22 class=%22wp-image-703 alignleft size-full%22 width=%2255%22 height=%2256%22 \/><\/span><\/a><span style=%22color: #993300;%22><strong>An emergency procedure can be invoked in exceptional circumstances if the applicant&#8217;s lige or freedom is in immediate danger<\/strong><\/span><\/b><span style=%22color: #333399;%22>.<b><strong> <\/strong><\/b>The application will then be evaluated separately from the annual calls for applications. If you want to use this procedure, <span style=%22color: #993300;%22><a href=%22mailto:pause@college-de-france.fr%22 style=%22color: #993300;%22>please contact the PAUSE team<\/a><\/span>.<\/span><\/td>\n<\/tr>\n<\/tbody>\n<\/table>\n<p>&#8221; global_colors_info=&#8221;{}&#8221;]<\/p>\n<table style=\"background-color: transparent;\">\n<tbody>\n<tr>\n<td style=\"text-align: justify;\"><b><span style=\"color: #142da5;\"><img loading=\"lazy\" decoding=\"async\" src=\"https:\/\/www.programmepause.fr\/wp-content\/uploads\/2022\/02\/Attention-1.png\" alt=\"\" class=\"wp-image-703 alignleft size-full\" width=\"57\" height=\"58\" srcset=\"https:\/\/www.programmepause.fr\/wp-content\/uploads\/2022\/02\/Attention-1.png 140w, https:\/\/www.programmepause.fr\/wp-content\/uploads\/2022\/02\/Attention-1-24x24.png 24w, https:\/\/www.programmepause.fr\/wp-content\/uploads\/2022\/02\/Attention-1-36x36.png 36w, https:\/\/www.programmepause.fr\/wp-content\/uploads\/2022\/02\/Attention-1-48x48.png 48w\" sizes=\"auto, (max-width: 57px) 100vw, 57px\" \/><span style=\"color: #333399;\"><span style=\"color: #993300;\">Une proc\u00e9dure d\u2019urgence peut \u00eatre d\u00e9clench\u00e9e \u00e0 titre exceptionnel si le candidat est soumis \u00e0 une menace imm\u00e9diate sur sa vie ou sa libert\u00e9<\/span>.<\/span><\/span><span style=\"color: #333399;\"> \u00a0<\/span><\/b><span style=\"color: #333399;\">Le dossier de candidature sera alors \u00e9tudi\u00e9 en dehors des appels \u00e0 candidatures annuels. Si vous souhaitez recourir \u00e0 cette proc\u00e9dure,\u00a0<a href=\"mailto:pause@college-de-france.fr\" style=\"color: #333399;\"><span style=\"color: #993300;\">prenez contact avec l\u2019\u00e9quipe PAUSE<\/span><\/a>.<\/span><\/td>\n<\/tr>\n<\/tbody>\n<\/table>\n<p>[\/et_pb_text][\/et_pb_column][\/et_pb_row][et_pb_row _builder_version=&#8221;4.20.2&#8243; _module_preset=&#8221;default&#8221; background_color=&#8221;#142da5&#8243; width=&#8221;100%&#8221; max_width=&#8221;100%&#8221; min_height=&#8221;189.1px&#8221; custom_margin=&#8221;0px||||false|false&#8221; custom_padding=&#8221;23px||100px||false|false&#8221; global_module=&#8221;197&#8243; saved_tabs=&#8221;all&#8221; global_colors_info=&#8221;{}&#8221;][et_pb_column type=&#8221;4_4&#8243; _builder_version=&#8221;4.16&#8243; _module_preset=&#8221;default&#8221; global_colors_info=&#8221;{}&#8221;][et_pb_text _builder_version=&#8221;4.23.4&#8243; _module_preset=&#8221;default&#8221; text_font=&#8221;Libre Baskerville||||||||&#8221; text_text_color=&#8221;#FFFFFF&#8221; text_font_size=&#8221;22px&#8221; text_line_height=&#8221;2em&#8221; text_orientation=&#8221;center&#8221; custom_margin=&#8221;4%||||false|false&#8221; content_en_us=&#8221;<\/p>\n<p>Next call for applications for the institutions:<\/p>\n<p>&#8221; saved_tabs=&#8221;all&#8221; global_colors_info=&#8221;{}&#8221;]<\/p>\n<p>Prochain appel \u00e0 candidatures pour les \u00e9tablissements :<\/p>\n<p>[\/et_pb_text][et_pb_text _builder_version=&#8221;4.23.4&#8243; _module_preset=&#8221;default&#8221; text_font=&#8221;|600|||||||&#8221; text_text_color=&#8221;#FFFFFF&#8221; text_font_size=&#8221;19px&#8221; text_orientation=&#8221;center&#8221; hover_enabled=&#8221;0&#8243; content_en_us=&#8221;<\/p>\n<p>Call for applications: March 16, 2026<br \/>Deadline for applications: April 10, 2026<\/p>\n<p>&#8221; saved_tabs=&#8221;all&#8221; global_colors_info=&#8221;{}&#8221; sticky_enabled=&#8221;0&#8243;]<\/p>\n<p>Ouverture de l&#8217;appel : 16 mars 2026<br \/>\u00c9ch\u00e9ance de d\u00e9p\u00f4t des candidatures : 10 avril 2026<\/p>\n<p>[\/et_pb_text][\/et_pb_column][\/et_pb_row][\/et_pb_section]<\/p>\n","protected":false},"excerpt":{"rendered":"<p><div class=\"et_pb_module dsm_menu dsm_menu_0  et_pb_text_align_right et_pb_bg_layout_light\">\n\t\t\t\t\n\t\t\t\t\n\t\t\t\t\n\t\t\t\t\n\t\t\t\t\n\t\t\t\t\n\t\t\t\t<div class=\"et_pb_module_inner\">\n\t\t\t\t\t<nav class=\"dsm-menu-container\" role=navigation itemscope itemtype=http:\/\/schema.org\/SiteNavigationElement><ul id=\"menu-accueillir\" class=\"dsm-menu dsm-menu-style-type-none dsm-menu-layout-vertical\"><li id=\"menu-item-93\" class=\"et_pb_menu_page_id-73 menu-item menu-item-type-post_type menu-item-object-page menu-item-93\"><a href=\"https:\/\/www.programmepause.fr\/en\/comment-accueillir-une-scientifique-ou-artiste-en-exil\/\" itemprop=\"url\"><span itemprop=\"name\">How to host a scientist or an artist?<\/span><\/a><\/li>\n<li id=\"menu-item-128\" class=\"et_pb_menu_page_id-115 menu-item menu-item-type-post_type menu-item-object-page menu-item-128\"><a href=\"https:\/\/www.programmepause.fr\/en\/comment-deposer-un-dossier-de-candidature\/\" itemprop=\"url\"><span itemprop=\"name\">Submit an application<\/span><\/a><\/li>\n<li id=\"menu-item-135\" class=\"et_pb_menu_page_id-132 menu-item menu-item-type-post_type menu-item-object-page menu-item-135\"><a href=\"https:\/\/www.programmepause.fr\/en\/candidatures-etablissements-pieces-a-fournir\/\" itemprop=\"url\"><span itemprop=\"name\">Documents to provide<\/span><\/a><\/li>\n<li id=\"menu-item-1159\" class=\"et_pb_menu_page_id-1153 menu-item menu-item-type-post_type menu-item-object-page menu-item-1159\"><a href=\"https:\/\/www.programmepause.fr\/en\/etablissements-calendrier\/\" itemprop=\"url\"><span itemprop=\"name\">Calls for applications calendar<\/span><\/a><\/li>\n<li id=\"menu-item-233\" class=\"et_pb_menu_page_id-228 menu-item menu-item-type-post_type menu-item-object-page menu-item-233\"><a href=\"https:\/\/www.programmepause.fr\/en\/comment-sont-evaluees-les-candidatures\/\" itemprop=\"url\"><span itemprop=\"name\">How are applications assessed?<\/span><\/a><\/li>\n<li id=\"menu-item-240\" class=\"et_pb_menu_page_id-234 menu-item menu-item-type-post_type menu-item-object-page menu-item-240\"><a href=\"https:\/\/www.programmepause.fr\/en\/candidature-retenue\/\" itemprop=\"url\"><span itemprop=\"name\">Application approuved<\/span><\/a><\/li>\n<li id=\"menu-item-246\" class=\"et_pb_menu_page_id-242 menu-item menu-item-type-post_type menu-item-object-page menu-item-246\"><a href=\"https:\/\/www.programmepause.fr\/en\/assurer-le-suivi-de-laccueil-bilan\/\" itemprop=\"url\"><span itemprop=\"name\">Hosting follow-up<\/span><\/a><\/li>\n<li id=\"menu-item-259\" class=\"et_pb_menu_page_id-255 menu-item menu-item-type-post_type menu-item-object-page menu-item-259\"><a href=\"https:\/\/www.programmepause.fr\/en\/etab-documents-utiles\/\" itemprop=\"url\"><span itemprop=\"name\">USEFUL DOCUMENTS<\/span><\/a><\/li>\n<li id=\"menu-item-6458\" class=\"et_pb_menu_page_id-6447 menu-item menu-item-type-post_type menu-item-object-page menu-item-6458\"><a href=\"https:\/\/www.programmepause.fr\/en\/etablissements-livret-daccueil\/\" itemprop=\"url\"><span itemprop=\"name\"> Welcome Handbook for host institutions <\/span><\/a><\/li>\n<li id=\"menu-item-4217\" class=\"et_pb_menu_page_id-4215 menu-item menu-item-type-post_type menu-item-object-page menu-item-4217\"><a href=\"https:\/\/www.programmepause.fr\/en\/liste-de-candidats-en-situation-durgence-a-accueillir\/\" itemprop=\"url\"><span itemprop=\"name\">List of at-risk candidates looking for a host institution<\/span><\/a><\/li>\n<\/ul><\/nav>\n\t\t\t\t<\/div>\n\t\t\t<\/div>O\u00f9 d\u00e9poser un dossier de candidature ?\u00c0 lire avant de d\u00e9poser un dossier de candidatureLes dossiers de candidature doivent \u00eatre constitu\u00e9s et d\u00e9pos\u00e9s en ligne par les \u00e9tablissements d\u2019accueil via la plateforme de d\u00e9p\u00f4t d\u00e9di\u00e9e. [&hellip;]<\/p>\n","protected":false},"author":2,"featured_media":0,"parent":0,"menu_order":0,"comment_status":"closed","ping_status":"closed","template":"","meta":{"_et_pb_use_builder":"on","_et_pb_old_content":"","_et_gb_content_width":"","footnotes":"","_links_to":"","_links_to_target":""},"categories":[],"tags":[],"class_list":["post-115","page","type-page","status-publish","hentry"],"_links":{"self":[{"href":"https:\/\/www.programmepause.fr\/en\/wp-json\/wp\/v2\/pages\/115","targetHints":{"allow":["GET"]}}],"collection":[{"href":"https:\/\/www.programmepause.fr\/en\/wp-json\/wp\/v2\/pages"}],"about":[{"href":"https:\/\/www.programmepause.fr\/en\/wp-json\/wp\/v2\/types\/page"}],"author":[{"embeddable":true,"href":"https:\/\/www.programmepause.fr\/en\/wp-json\/wp\/v2\/users\/2"}],"replies":[{"embeddable":true,"href":"https:\/\/www.programmepause.fr\/en\/wp-json\/wp\/v2\/comments?post=115"}],"version-history":[{"count":107,"href":"https:\/\/www.programmepause.fr\/en\/wp-json\/wp\/v2\/pages\/115\/revisions"}],"predecessor-version":[{"id":9950,"href":"https:\/\/www.programmepause.fr\/en\/wp-json\/wp\/v2\/pages\/115\/revisions\/9950"}],"wp:attachment":[{"href":"https:\/\/www.programmepause.fr\/en\/wp-json\/wp\/v2\/media?parent=115"}],"wp:term":[{"taxonomy":"category","embeddable":true,"href":"https:\/\/www.programmepause.fr\/en\/wp-json\/wp\/v2\/categories?post=115"},{"taxonomy":"post_tag","embeddable":true,"href":"https:\/\/www.programmepause.fr\/en\/wp-json\/wp\/v2\/tags?post=115"}],"curies":[{"name":"wp","href":"https:\/\/api.w.org\/{rel}","templated":true}]}}